{"id":12,"date":"2021-01-12T22:48:17","date_gmt":"2021-01-12T22:48:17","guid":{"rendered":"https:\/\/bioenergetica-radiestesia.com\/talleres\/?page_id=12"},"modified":"2021-01-20T22:16:42","modified_gmt":"2021-01-20T22:16:42","slug":"sobre-rosario","status":"publish","type":"page","link":"https:\/\/bioenergetica-radiestesia.com\/talleres\/sobre-rosario\/","title":{"rendered":"Sobre Rosario"},"content":{"rendered":"<p>[et_pb_section fb_built=\u00bb1&#8243; admin_label=\u00bbPost Header\u00bb _builder_version=\u00bb4.3.4&#8243; custom_padding=\u00bb0px|||||\u00bb][et_pb_row _builder_version=\u00bb4.8.0&#8243; width=\u00bb100%\u00bb max_width=\u00bb1600px\u00bb custom_padding=\u00bb0px|||||\u00bb][et_pb_column type=\u00bb4_4&#8243; _builder_version=\u00bb4.4.3&#8243;][et_pb_image src=\u00bbhttps:\/\/bioenergetica-radiestesia.com\/talleres\/wp-content\/uploads\/2021\/01\/sobre-rosario-op2.png\u00bb title_text=\u00bbsobre rosario op2&#8243; _builder_version=\u00bb4.8.0&#8243;][\/et_pb_image][\/et_pb_column][\/et_pb_row][et_pb_row _builder_version=\u00bb4.3.4&#8243; custom_margin=\u00bb|auto|-202px|auto||\u00bb custom_padding=\u00bb||0px|||\u00bb][et_pb_column type=\u00bb4_4&#8243; _builder_version=\u00bb4.3.4&#8243;][et_pb_text _builder_version=\u00bb4.8.0&#8243; _dynamic_attributes=\u00bbcontent\u00bb text_text_color=\u00bb#e04038&#8243; header_font=\u00bbBellefair||||||||\u00bb header_text_align=\u00bbleft\u00bb header_font_size=\u00bb80px\u00bb header_line_height=\u00bb1.2em\u00bb header_2_font_size=\u00bb80px\u00bb header_3_font_size=\u00bb80px\u00bb header_4_font_size=\u00bb80px\u00bb header_5_font_size=\u00bb80px\u00bb header_6_font_size=\u00bb80px\u00bb max_width=\u00bb801px\u00bb custom_margin=\u00bb-222px||||false|false\u00bb custom_margin_tablet=\u00bb0px||||false|false\u00bb custom_margin_phone=\u00bb||||false|false\u00bb custom_margin_last_edited=\u00bbon|phone\u00bb header_font_size_tablet=\u00bb64px\u00bb header_font_size_phone=\u00bb40px\u00bb header_font_size_last_edited=\u00bbon|phone\u00bb header_2_font_size_tablet=\u00bb42px\u00bb header_2_font_size_phone=\u00bb34px\u00bb header_2_font_size_last_edited=\u00bbon|phone\u00bb header_3_font_size_tablet=\u00bb42px\u00bb header_3_font_size_phone=\u00bb34px\u00bb header_3_font_size_last_edited=\u00bbon|phone\u00bb header_4_font_size_tablet=\u00bb42px\u00bb header_4_font_size_phone=\u00bb34px\u00bb header_4_font_size_last_edited=\u00bbon|phone\u00bb header_5_font_size_tablet=\u00bb42px\u00bb header_5_font_size_phone=\u00bb34px\u00bb header_5_font_size_last_edited=\u00bbon|phone\u00bb header_6_font_size_tablet=\u00bb42px\u00bb header_6_font_size_phone=\u00bb34px\u00bb header_6_font_size_last_edited=\u00bbon|phone\u00bb text_text_align=\u00bbjustify\u00bb locked=\u00bboff\u00bb header_2_2_font_size_tablet=\u00bb42px\u00bb header_3_2_font_size_tablet=\u00bb42px\u00bb header_4_2_font_size_tablet=\u00bb42px\u00bb header_5_2_font_size_tablet=\u00bb42px\u00bb header_6_2_font_size_tablet=\u00bb42px\u00bb header_2_2_font_size_phone=\u00bb34px\u00bb header_3_2_font_size_phone=\u00bb34px\u00bb header_4_2_font_size_phone=\u00bb34px\u00bb header_5_2_font_size_phone=\u00bb34px\u00bb header_6_2_font_size_phone=\u00bb34px\u00bb header_2_2_font_size_last_edited=\u00bbon|tablet\u00bb header_3_2_font_size_last_edited=\u00bbon|tablet\u00bb header_4_2_font_size_last_edited=\u00bbon|tablet\u00bb header_5_2_font_size_last_edited=\u00bbon|tablet\u00bb header_6_2_font_size_last_edited=\u00bbon|tablet\u00bb header_2_3_font_size_tablet=\u00bb34px\u00bb header_3_3_font_size_tablet=\u00bb34px\u00bb header_4_3_font_size_tablet=\u00bb34px\u00bb header_5_3_font_size_tablet=\u00bb34px\u00bb header_6_3_font_size_tablet=\u00bb34px\u00bb header_2_3_font_size_phone=\u00bb28px\u00bb header_3_3_font_size_phone=\u00bb28px\u00bb header_4_3_font_size_phone=\u00bb28px\u00bb header_5_3_font_size_phone=\u00bb28px\u00bb header_6_3_font_size_phone=\u00bb28px\u00bb header_2_3_font_size_last_edited=\u00bbon|phone\u00bb header_3_3_font_size_last_edited=\u00bbon|phone\u00bb header_4_3_font_size_last_edited=\u00bbon|phone\u00bb header_5_3_font_size_last_edited=\u00bbon|phone\u00bb header_6_3_font_size_last_edited=\u00bbon|phone\u00bb header_2_4_font_size_tablet=\u00bb22px\u00bb header_3_4_font_size_tablet=\u00bb22px\u00bb header_4_4_font_size_tablet=\u00bb22px\u00bb header_5_4_font_size_tablet=\u00bb22px\u00bb header_6_4_font_size_tablet=\u00bb22px\u00bb header_2_4_font_size_phone=\u00bb18px\u00bb header_3_4_font_size_phone=\u00bb18px\u00bb header_4_4_font_size_phone=\u00bb18px\u00bb header_5_4_font_size_phone=\u00bb18px\u00bb header_6_4_font_size_phone=\u00bb18px\u00bb header_2_4_font_size_last_edited=\u00bbon|phone\u00bb header_3_4_font_size_last_edited=\u00bbon|phone\u00bb header_4_4_font_size_last_edited=\u00bbon|phone\u00bb header_5_4_font_size_last_edited=\u00bbon|phone\u00bb header_6_4_font_size_last_edited=\u00bbon|phone\u00bb header_2_5_font_size_phone=\u00bb16px\u00bb header_3_5_font_size_phone=\u00bb16px\u00bb header_4_5_font_size_phone=\u00bb16px\u00bb header_5_5_font_size_phone=\u00bb16px\u00bb header_6_5_font_size_phone=\u00bb16px\u00bb header_2_5_font_size_last_edited=\u00bbon|tablet\u00bb header_3_5_font_size_last_edited=\u00bbon|tablet\u00bb header_4_5_font_size_last_edited=\u00bbon|tablet\u00bb header_5_5_font_size_last_edited=\u00bbon|tablet\u00bb header_6_5_font_size_last_edited=\u00bbon|tablet\u00bb]@ET-DC@eyJkeW5hbWljIjp0cnVlLCJjb250ZW50IjoicG9zdF90aXRsZSIsInNldHRpbmdzIjp7ImJlZm9yZSI6IjxoMT4iLCJhZnRlciI6IjwvaDE+In19@[\/et_pb_text][et_pb_text _builder_version=\u00bb4.3.4&#8243; text_font=\u00bb||||||||\u00bb text_font_size=\u00bb16px\u00bb text_line_height=\u00bb2em\u00bb text_orientation=\u00bbjustified\u00bb width=\u00bb100%\u00bb min_height=\u00bb910px\u00bb custom_margin=\u00bb-128px|||||\u00bb custom_padding=\u00bb||0px|||\u00bb text_font_size_tablet=\u00bb15px\u00bb text_font_size_phone=\u00bb14px\u00bb text_font_size_last_edited=\u00bbon|phone\u00bb locked=\u00bboff\u00bb]<\/p>\n<p><span style=\"color: #1658a3;\">\u00a0<\/span><\/p>\n<p><span style=\"color: #1658a3;\">\u00a0<\/span><\/p>\n<p>&nbsp;<\/p>\n<p>&nbsp;<\/p>\n<p>Rosario podr\u00eda decir que empieza su recorrido en la Medicina Alternativa a ra\u00edz de haberse enfermado gravemente cuando ten\u00eda 38 a\u00f1os, pero no es cierto.\u00a0 Este amor y pasi\u00f3n por la medicina natural viene de su abuela materna, quien hasta el final de sus d\u00edas atesor\u00f3 un \u00fanico libro de medicina natural\u00a0 que ten\u00eda, el cual consultaba d\u00eda con d\u00eda y la hizo llegar hasta el final de sus d\u00edas con una muy buena salud. All\u00ed empieza la carrera de Rosario!\u00a0 Luego sus padres realizan su parte cultivando en su alma sentimientos de nobleza, de amor, de solidaridad, y sobre todo un anhelo muy grande por aprender sobre la vida.<\/p>\n<p>A sus 38 a\u00f1os Rosario experimenta un buen jal\u00f3n de orejas de la vida a trav\u00e9s de la enfermedad, puesto que ella no sab\u00eda escuchar a su cuerpo y por lo visto necesitaba regresar del laberinto donde se hab\u00eda metido y reencontrar su camino.<\/p>\n<p>Este momento tan dif\u00edcil que vivi\u00f3 y que la hizo sentir que no podr\u00eda superarlo, la hace entrar a estudiar con m\u00e1s ganas y tratar de ir descubriendo d\u00eda con d\u00eda sobre las posibilidades inmensas que tenemos con respecto a nuestra salud y todos los mensajes que nuestro cuerpo nos env\u00eda a cada momento para apoyarnos en nuestro caminar.\u00a0<\/p>\n<p>Empieza a entrar en el mundo del Chi Kung, el Reiki, la Reflexolog\u00eda, la Medicina Natural, la Acupuntura, la filosof\u00eda oriental, las t\u00e9cnicas diversas y milenarias que existen para aprender a escuchar el cuerpo y a equilibrarlo y entre ellas descubre la Radiestesia, de la cual se enamor\u00f3.\u00a0<\/p>\n<p>A partir de que aprende Radiestesia desde los 40 a\u00f1os no ha pasado un s\u00f3lo d\u00eda que dedique al m\u00ednimo 4 a 6 horas diarias de pr\u00e1ctica por tener que hacer diagn\u00f3sticos a personas que se lo han requerido, y la Radiestesia pas\u00f3 a ser su trabajo, su pasi\u00f3n, su reto diario.\u00a0\u00a0<\/p>\n<p>Descubri\u00f3 que usando la Radiestesia puede afinar todas las dem\u00e1s terapias de energ\u00eda y hacerlas a\u00fan m\u00e1s efectivas as\u00ed que actualmente sigue dirigiendo la Cl\u00ednica Bioenerg\u00e9tica y Radiestesia en Guatemala cuyo objetivo principal es investigar las causas que general lo que las personas llaman \u00abenfermedad\u00bb y c\u00f3mo resolverlas utilizando t\u00e9cnicas naturales y de energ\u00eda.<\/p>\n<p>Su trabajo ha llegado a muchos rincones del planeta y desde hace 10 a\u00f1os lo realiza por skype, actualmente por whatssap o zoom y desde que inicio su trabajo tambi\u00e9n inici\u00f3 su tarea de ense\u00f1ar lo que iba aprendiendo.\u00a0 Rosario ha recibido cuanto curso ha podido record\u00e1ndose a s\u00ed misma y a sus alumnos que \u00abno todo lo que brilla es oro\u00bb y que hay que saber discernir desde el alma \u00abqu\u00e9 es verdadero y aut\u00e9ntico y qu\u00e9 no lo es\u00bb .\u00a0 Actualmente participa con Mindalia Televisi\u00f3n y tiene su canal en Youtube donde hace diagn\u00f3sticos al aire y conferencias.\u00a0 Es conferencista internacional y entrenadora del m\u00e9todo que ella misma ha mejorado y redise\u00f1ado utilizando la Radiestesia como base.\u00a0 Su deseo es que este conocimiento se expanda en el mundo para beneficio de la salud y el crecimiento interior de las personas.<\/p>\n<p>[\/et_pb_text][\/et_pb_column][\/et_pb_row][\/et_pb_section][et_pb_section fb_built=\u00bb1&#8243; admin_label=\u00bbPost Body\u00bb _builder_version=\u00bb4.3.4&#8243; locked=\u00bboff\u00bb][et_pb_row _builder_version=\u00bb4.8.1&#8243; _module_preset=\u00bbdefault\u00bb][et_pb_column type=\u00bb4_4&#8243; _builder_version=\u00bb4.8.1&#8243; _module_preset=\u00bbdefault\u00bb][et_pb_social_media_follow _builder_version=\u00bb4.8.1&#8243; _module_preset=\u00bbdefault\u00bb text_orientation=\u00bbright\u00bb custom_margin=\u00bb37px|||||\u00bb custom_padding=\u00bb0px|||||\u00bb min_height=\u00bb87px\u00bb][et_pb_social_media_follow_network social_network=\u00bbfacebook\u00bb url=\u00bbhttps:\/\/www.facebook.com\/UrrutiaRosario\u00bb _builder_version=\u00bb4.8.1&#8243; _module_preset=\u00bbdefault\u00bb background_color=\u00bb#3b5998&#8243; follow_button=\u00bboff\u00bb url_new_window=\u00bbon\u00bb]facebook[\/et_pb_social_media_follow_network][et_pb_social_media_follow_network social_network=\u00bbyoutube\u00bb url=\u00bbhttps:\/\/www.youtube.com\/user\/makmukmukmuk\u00bb _builder_version=\u00bb4.8.1&#8243; _module_preset=\u00bbdefault\u00bb background_color=\u00bb#a82400&#8243; follow_button=\u00bboff\u00bb url_new_window=\u00bbon\u00bb]youtube[\/et_pb_social_media_follow_network][et_pb_social_media_follow_network social_network=\u00bbinstagram\u00bb url=\u00bbhttps:\/\/www.instagram.com\/rosa.riourrutia\/\u00bb _builder_version=\u00bb4.8.1&#8243; _module_preset=\u00bbdefault\u00bb background_color=\u00bb#ea2c59&#8243; follow_button=\u00bboff\u00bb url_new_window=\u00bbon\u00bb]instagram[\/et_pb_social_media_follow_network][\/et_pb_social_media_follow][\/et_pb_column][\/et_pb_row][et_pb_row _builder_version=\u00bb4.3.4&#8243; locked=\u00bboff\u00bb][et_pb_column type=\u00bb4_4&#8243; _builder_version=\u00bb4.3.4&#8243;][et_pb_image src=\u00bbhttps:\/\/bioenergetica-radiestesia.com\/talleres\/wp-content\/uploads\/2021\/01\/cuarso.png\u00bb title_text=\u00bbcuarso\u00bb align=\u00bbcenter\u00bb force_fullwidth=\u00bbon\u00bb _builder_version=\u00bb4.8.0&#8243; custom_margin=\u00bb-41px|||||\u00bb][\/et_pb_image][\/et_pb_column][\/et_pb_row][\/et_pb_section]<\/p>\n","protected":false},"excerpt":{"rendered":"<p>\u00a0 \u00a0 &nbsp; &nbsp; Rosario podr\u00eda decir que empieza su recorrido en la Medicina Alternativa a ra\u00edz de haberse enfermado [&hellip;]<\/p>\n","protected":false},"author":1,"featured_media":0,"parent":0,"menu_order":0,"comment_status":"closed","ping_status":"closed","template":"","meta":{"_et_pb_use_builder":"on","_et_pb_old_content":"","_et_gb_content_width":"","_joinchat":[],"footnotes":""},"class_list":["post-12","page","type-page","status-publish","hentry"],"_links":{"self":[{"href":"https:\/\/bioenergetica-radiestesia.com\/talleres\/wp-json\/wp\/v2\/pages\/12","targetHints":{"allow":["GET"]}}],"collection":[{"href":"https:\/\/bioenergetica-radiestesia.com\/talleres\/wp-json\/wp\/v2\/pages"}],"about":[{"href":"https:\/\/bioenergetica-radiestesia.com\/talleres\/wp-json\/wp\/v2\/types\/page"}],"author":[{"embeddable":true,"href":"https:\/\/bioenergetica-radiestesia.com\/talleres\/wp-json\/wp\/v2\/users\/1"}],"replies":[{"embeddable":true,"href":"https:\/\/bioenergetica-radiestesia.com\/talleres\/wp-json\/wp\/v2\/comments?post=12"}],"version-history":[{"count":8,"href":"https:\/\/bioenergetica-radiestesia.com\/talleres\/wp-json\/wp\/v2\/pages\/12\/revisions"}],"predecessor-version":[{"id":173,"href":"https:\/\/bioenergetica-radiestesia.com\/talleres\/wp-json\/wp\/v2\/pages\/12\/revisions\/173"}],"wp:attachment":[{"href":"https:\/\/bioenergetica-radiestesia.com\/talleres\/wp-json\/wp\/v2\/media?parent=12"}],"curies":[{"name":"wp","href":"https:\/\/api.w.org\/{rel}","templated":true}]}}